{"id":3571,"date":"2019-12-16T15:43:11","date_gmt":"2019-12-16T15:43:11","guid":{"rendered":"http:\/\/summeronkorcula.com\/contact\/"},"modified":"2024-07-05T16:20:56","modified_gmt":"2024-07-05T14:20:56","slug":"kontakt","status":"publish","type":"page","link":"https:\/\/summeronkorcula.com\/hr\/kontakt\/","title":{"rendered":"Kontakt"},"content":{"rendered":"\n<div class=\"wp-block-cover alignfull is-light header-image mb-0 mt-0\"><span aria-hidden=\"true\" class=\"wp-block-cover__background has-background-dim-0 has-background-dim\"><\/span><img loading=\"lazy\" decoding=\"async\" width=\"1600\" height=\"1067\" class=\"wp-block-cover__image-background wp-image-4269\" alt=\"\" src=\"https:\/\/summeronkorcula.com\/wp-content\/uploads\/2020\/11\/summeronkorcula-apartment-ruzmarin-terrace-detail-09-2020-pic-01.jpg\" data-object-fit=\"cover\" srcset=\"https:\/\/summeronkorcula.com\/wp-content\/uploads\/2020\/11\/summeronkorcula-apartment-ruzmarin-terrace-detail-09-2020-pic-01.jpg 1600w, https:\/\/summeronkorcula.com\/wp-content\/uploads\/2020\/11\/summeronkorcula-apartment-ruzmarin-terrace-detail-09-2020-pic-01-300x200.jpg 300w, https:\/\/summeronkorcula.com\/wp-content\/uploads\/2020\/11\/summeronkorcula-apartment-ruzmarin-terrace-detail-09-2020-pic-01-1024x683.jpg 1024w, https:\/\/summeronkorcula.com\/wp-content\/uploads\/2020\/11\/summeronkorcula-apartment-ruzmarin-terrace-detail-09-2020-pic-01-768x512.jpg 768w, https:\/\/summeronkorcula.com\/wp-content\/uploads\/2020\/11\/summeronkorcula-apartment-ruzmarin-terrace-detail-09-2020-pic-01-1536x1024.jpg 1536w\" sizes=\"auto, (max-width: 1600px) 100vw, 1600px\" \/><div class=\"wp-block-cover__inner-container is-layout-flow wp-block-cover-is-layout-flow\">\n<p class=\"has-text-align-center has-large-font-size\"><\/p>\n<\/div><\/div>\n\n\n\n<h1 class=\"wp-block-heading has-text-align-center\">Kontakt Apartmani Andriji\u0107<\/h1>\n\n\n\n<p>Apartmani Andriji\u0107<br>Prigradica 88\/1, 20271 Blato, Island of Kor\u010dula, Hrvatska<br>Mob: +385 981882604<\/p>\n\n\n\n<a href=\"https:\/\/api.whatsapp.com\/send?phone=385981882604\"><img loading=\"lazy\" decoding=\"async\" class=\"alignnone wp-image-4693 size-full\" src=\"\/wp-content\/uploads\/2020\/11\/whatsapp-button.png\" alt=\"Whatsapp apartments Andrijic Prigradica\" width=\"163\" height=\"59\"><\/a>\n\n\n\n<div style=\"height:35px\" aria-hidden=\"true\" class=\"wp-block-spacer\"><\/div>\n\n\n\n<div class=\"wp-block-media-text is-stacked-on-mobile is-vertically-aligned-center is-style-default\" style=\"grid-template-columns:15% auto\"><figure class=\"wp-block-media-text__media\"><img loading=\"lazy\" decoding=\"async\" width=\"512\" height=\"512\" src=\"https:\/\/summeronkorcula.com\/wp-content\/uploads\/2020\/01\/614774_info_512x512.png\" alt=\"Email za rezervaciju apartmana Andriji\u0107\" class=\"wp-image-3394 size-full\" srcset=\"https:\/\/summeronkorcula.com\/wp-content\/uploads\/2020\/01\/614774_info_512x512.png 512w, https:\/\/summeronkorcula.com\/wp-content\/uploads\/2020\/01\/614774_info_512x512-300x300.png 300w, https:\/\/summeronkorcula.com\/wp-content\/uploads\/2020\/01\/614774_info_512x512-150x150.png 150w, https:\/\/summeronkorcula.com\/wp-content\/uploads\/2020\/01\/614774_info_512x512-75x75.png 75w\" sizes=\"auto, (max-width: 512px) 100vw, 512px\" \/><\/figure><div class=\"wp-block-media-text__content\">\n<p class=\"has-large-font-size\">Popunite donji formular za rezerviranje apartmana ili informacije o raspolo\u017eivosti.<\/p>\n<\/div><\/div>\n\n\n\n<div style=\"height:35px\" aria-hidden=\"true\" class=\"wp-block-spacer\"><\/div>\n\n\n\n<div class=\"wpcf7 no-js\" id=\"wpcf7-f2473-o1\" lang=\"en-US\" dir=\"ltr\" data-wpcf7-id=\"2473\">\n<div class=\"screen-reader-response\"><p role=\"status\" aria-live=\"polite\" aria-atomic=\"true\"><\/p> <ul><\/ul><\/div>\n<form action=\"\/hr\/wp-json\/wp\/v2\/pages\/3571#wpcf7-f2473-o1\" method=\"post\" class=\"wpcf7-form init\" aria-label=\"Contact form\" novalidate=\"novalidate\" data-status=\"init\">\n<fieldset class=\"hidden-fields-container\"><input type=\"hidden\" name=\"_wpcf7\" value=\"2473\" \/><input type=\"hidden\" name=\"_wpcf7_version\" value=\"6.1\" \/><input type=\"hidden\" name=\"_wpcf7_locale\" value=\"en_US\" \/><input type=\"hidden\" name=\"_wpcf7_unit_tag\" value=\"wpcf7-f2473-o1\" \/><input type=\"hidden\" name=\"_wpcf7_container_post\" value=\"0\" \/><input type=\"hidden\" name=\"_wpcf7_posted_data_hash\" value=\"\" \/>\n<\/fieldset>\n<p><label><span class=\"wpcf7-form-control-wrap\" data-name=\"your-name\"><input size=\"40\" maxlength=\"400\" class=\"wpcf7-form-control wpcf7-text wpcf7-validates-as-required\" aria-required=\"true\" aria-invalid=\"false\" placeholder=\"Ime (obavezno)\" value=\"\" type=\"text\" name=\"your-name\" \/><\/span><\/label>\n<\/p>\n<p><label><span class=\"wpcf7-form-control-wrap\" data-name=\"your-email\"><input size=\"40\" maxlength=\"400\" class=\"wpcf7-form-control wpcf7-email wpcf7-validates-as-required wpcf7-text wpcf7-validates-as-email\" aria-required=\"true\" aria-invalid=\"false\" placeholder=\"Email (obavezno)\" value=\"\" type=\"email\" name=\"your-email\" \/><\/span><\/label>\n<\/p>\n<p><span class=\"wpcf7-form-control-wrap\" data-name=\"text-arrival\"><input size=\"40\" maxlength=\"400\" class=\"wpcf7-form-control wpcf7-text datepicker\" aria-invalid=\"false\" placeholder=\"Dolazak\" value=\"\" type=\"text\" name=\"text-arrival\" \/><\/span>\n<\/p>\n<p><span class=\"wpcf7-form-control-wrap\" data-name=\"text-departure\"><input size=\"40\" maxlength=\"400\" class=\"wpcf7-form-control wpcf7-text datepicker\" aria-invalid=\"false\" placeholder=\"Odlazak\" value=\"\" type=\"text\" name=\"text-departure\" \/><\/span>\n<\/p>\n<p><label class=\"cf7width\"><span class=\"wpcf7-form-control-wrap\" data-name=\"adults\"><input size=\"40\" maxlength=\"400\" class=\"wpcf7-form-control wpcf7-text\" aria-invalid=\"false\" placeholder=\"Odraslih\" value=\"\" type=\"text\" name=\"adults\" \/><\/span><\/label>\n<\/p>\n<p><label class=\"cf7width cf7right\"\"> <span class=\"wpcf7-form-control-wrap\" data-name=\"children\"><input size=\"40\" maxlength=\"400\" class=\"wpcf7-form-control wpcf7-text\" aria-invalid=\"false\" placeholder=\"Djece\" value=\"\" type=\"text\" name=\"children\" \/><\/span><\/label>\n<\/p>\n<div class=\"prehouse\">\n\t<p>ODABERITE APARTMAN:<br \/>\n<span class=\"wpcf7-form-control-wrap\" data-name=\"checkbox-382\"><span class=\"wpcf7-form-control wpcf7-checkbox\"><span class=\"wpcf7-list-item first\"><input type=\"checkbox\" name=\"checkbox-382[]\" value=\"Gariful\" \/><span class=\"wpcf7-list-item-label\">Gariful<\/span><\/span><span class=\"wpcf7-list-item\"><input type=\"checkbox\" name=\"checkbox-382[]\" value=\"Mimoza\" \/><span class=\"wpcf7-list-item-label\">Mimoza<\/span><\/span><span class=\"wpcf7-list-item last\"><input type=\"checkbox\" name=\"checkbox-382[]\" value=\"Ru\u017emarin\" \/><span class=\"wpcf7-list-item-label\">Ru\u017emarin<\/span><\/span><\/span><\/span>\n\t<\/p>\n<\/div>\n<p><label><span class=\"wpcf7-form-control-wrap\" data-name=\"your-message\"><textarea cols=\"40\" rows=\"10\" maxlength=\"2000\" class=\"wpcf7-form-control wpcf7-textarea\" aria-invalid=\"false\" placeholder=\"Pitanja\" name=\"your-message\"><\/textarea><\/span> <\/label>\n<\/p>\n<p><label><input class=\"wpcf7-form-control wpcf7-submit has-spinner\" type=\"submit\" value=\"Po\u0161alji\" \/><\/label>\n<\/p><p style=\"display: none !important;\" class=\"akismet-fields-container\" data-prefix=\"_wpcf7_ak_\"><label>&#916;<textarea name=\"_wpcf7_ak_hp_textarea\" cols=\"45\" rows=\"8\" maxlength=\"100\"><\/textarea><\/label><input type=\"hidden\" id=\"ak_js_1\" name=\"_wpcf7_ak_js\" value=\"212\"\/><script>document.getElementById( \"ak_js_1\" ).setAttribute( \"value\", ( new Date() ).getTime() );<\/script><\/p><div class=\"wpcf7-response-output\" aria-hidden=\"true\"><\/div>\n<\/form>\n<\/div>\n\n\n\n\n<p>Va\u017eno:<br>&#8211; Za potvrdu rezervacije potrebno je uplatiti avans u iznosu od 40% ukupne cijene.<br>&#8211; Ako ostanak u apartmanu traje kra\u0107e od pet dana, cijena je 25% vi\u0161a.<br>&#8211; Zavr\u0161no \u010di\u0161\u0107enje apartmana na dan odlaska: ap. 2+2 40\u20ac, ap. 4+2 55\u20ac.<br>&#8211; Ku\u0107ni ljubimci: 7\u20ac \/ no\u0107.<br>&#8211; Dolazak poslije 14:00 i odlazak prije 10:00.<\/p>\n","protected":false},"excerpt":{"rendered":"<p>Kontakt Apartmani Andriji\u0107 Apartmani Andriji\u0107Prigradica 88\/1, 20271 Blato, Island of Kor\u010dula, HrvatskaMob: +385 981882604 Popunite donji formular za rezerviranje apartmana ili informacije o raspolo\u017eivosti. Va\u017eno:&#8211; Za potvrdu rezervacije potrebno je uplatiti avans u iznosu od 40% ukupne cijene.&#8211; Ako ostanak u apartmanu traje kra\u0107e od pet dana, cijena je 25% vi\u0161a.&#8211; Zavr\u0161no \u010di\u0161\u0107enje apartmana na [&hellip;]<\/p>\n","protected":false},"author":1,"featured_media":0,"parent":0,"menu_order":17,"comment_status":"closed","ping_status":"closed","template":"","meta":{"_coblocks_attr":"","_coblocks_dimensions":"","_coblocks_responsive_height":"{\"coblocks-shape-divider-021004013\":{\"backgroundHeight\":{\"height\":20},\"shapeHeight\":{\"height\":22}}}","_coblocks_accordion_ie_support":"","_genesis_hide_title":false,"_genesis_hide_breadcrumbs":false,"_genesis_hide_singular_image":false,"_genesis_hide_footer_widgets":false,"_genesis_custom_body_class":"","_genesis_custom_post_class":"","_genesis_layout":"","footnotes":""},"class_list":{"0":"post-3571","1":"page","2":"type-page","3":"status-publish","5":"entry"},"_links":{"self":[{"href":"https:\/\/summeronkorcula.com\/hr\/wp-json\/wp\/v2\/pages\/3571","targetHints":{"allow":["GET"]}}],"collection":[{"href":"https:\/\/summeronkorcula.com\/hr\/wp-json\/wp\/v2\/pages"}],"about":[{"href":"https:\/\/summeronkorcula.com\/hr\/wp-json\/wp\/v2\/types\/page"}],"author":[{"embeddable":true,"href":"https:\/\/summeronkorcula.com\/hr\/wp-json\/wp\/v2\/users\/1"}],"replies":[{"embeddable":true,"href":"https:\/\/summeronkorcula.com\/hr\/wp-json\/wp\/v2\/comments?post=3571"}],"version-history":[{"count":5,"href":"https:\/\/summeronkorcula.com\/hr\/wp-json\/wp\/v2\/pages\/3571\/revisions"}],"predecessor-version":[{"id":5285,"href":"https:\/\/summeronkorcula.com\/hr\/wp-json\/wp\/v2\/pages\/3571\/revisions\/5285"}],"wp:attachment":[{"href":"https:\/\/summeronkorcula.com\/hr\/wp-json\/wp\/v2\/media?parent=3571"}],"curies":[{"name":"wp","href":"https:\/\/api.w.org\/{rel}","templated":true}]}}