{"id":3574,"date":"2019-12-17T15:37:36","date_gmt":"2019-12-17T15:37:36","guid":{"rendered":"http:\/\/summeronkorcula.com\/location\/"},"modified":"2021-03-18T12:46:07","modified_gmt":"2021-03-18T10:46:07","slug":"lokacija","status":"publish","type":"page","link":"https:\/\/summeronkorcula.com\/hr\/lokacija\/","title":{"rendered":"Lokacija"},"content":{"rendered":"\n<div class=\"wp-block-cover alignfull is-style-default header-image\" style=\"background-image:url(http:\/\/summeronkorcula.com\/wp-content\/uploads\/2020\/11\/korcula-prigradica-apartments-summeronkorcula-house-from-air-15-square.jpg);background-position:33% 79%\"><div class=\"wp-block-cover__inner-container is-layout-flow wp-block-cover-is-layout-flow\">\n<p class=\"has-text-align-center has-large-font-size\"><\/p>\n<\/div><\/div>\n\n\n\n<h1 class=\"has-text-align-center wp-block-heading\">Apartmani Andriji\u0107 Lokacija &#8211; Prigradica Plan Puta<\/h1>\n\n\n\n<h2 class=\"wp-block-heading\">U ovim uputama<\/h2>\n\n\n\n<ul class=\"wp-block-list\"><li><a href=\"#ferries\">Trajekti do Kor\u010dule<\/a><\/li><li><a href=\"#prigradica\">Kako do\u0107i do Prigradice<\/a><\/li><li><a href=\"#strip\" data-type=\"internal\" data-id=\"#strip\">Foto upute<\/a><\/li><li><a href=\"#apartments\">Kako prona\u0107i apartmane Andriji\u0107<\/a><\/li><li><a href=\"#map\">Karta<\/a><\/li><\/ul>\n\n\n\n<h2 class=\"wp-block-heading\" id=\"ferries\">Trajekti do Kor\u010dule<\/h2>\n\n\n\n<ul class=\"wp-block-list\"><li>Split &#8211; Vela Luka<\/li><li>Orebi\u0107 &#8211; Kor\u010dula s kombinacijom trajekata Plo\u010de &#8211; Trpanj. <\/li><\/ul>\n\n\n\n<p>Put od Splita do Vele Luke traje 3 sata, od Plo\u010da do Trpnja 1 sat te od Orebi\u0107a do Kor\u010dule 15 minuta. Da biste izbjegli gu\u017evu, savjetujemo da stanete u red ispred trajekta najmanje dva sata prije polaska.<\/p>\n\n\n\n<p><a rel=\"noreferrer noopener\" href=\"https:\/\/www.jadrolinija.hr\/en\/ferry-croatia\" target=\"_blank\">Jadrolinija vozni red<\/a><\/p>\n\n\n\n<h2 class=\"wp-block-heading\" id=\"prigradica\">Kako do\u0107i do Prigradice<\/h2>\n\n\n\n<p>Prigradica je malo mjesto, smje\u0161teno na sjevernoj strani otoka Kor\u010dule, oko 5 km sjeverno od Blata. Ku\u0107a se nalazi otprilike 20 metara od mora.<\/p>\n\n\n\n<p>Prigradica je u pro\u0161losti bila izvozna luka, a danas je popularno turisti\u010dko odredi\u0161te tipi\u010dnog dalmatinskog karaktera.<\/p>\n\n\n\n<p>Nakon dolaska u Blato po\u0111ite u smjeru Prigradice (ako dolazite iz grada Kor\u010dule, skrenite desno pored \u0161kole ili na prvom izlazu na kru\u017enom toku na ulazu u Blato, a ako dolazite iz Vele Luke, pored \u0161kole produ\u017eite ravno).<\/p>\n\n\n\n<p>Po dolasku u sredi\u0161te uvale (mala luka), skrenite desno uzdu\u017e rive do lukobrana.<\/p>\n\n\n\n<h2 class=\"wp-block-heading\" id=\"strip\">Foto upute<\/h2>\n\n\n\n<div class=\"wp-block-coblocks-gallery-carousel\"><div class=\"is-cropped coblocks-gallery has-no-alignment has-caption-style-dark has-horizontal-gutter\"><div class=\"has-carousel has-carousel-lrg\" style=\"height:400px\" data-flickity=\"{&quot;autoPlay&quot;:false,&quot;draggable&quot;:true,&quot;pageDots&quot;:false,&quot;prevNextButtons&quot;:true,&quot;wrapAround&quot;:true,&quot;cellAlign&quot;:&quot;center&quot;,&quot;pauseAutoPlayOnHover&quot;:false,&quot;freeScroll&quot;:false,&quot;arrowShape&quot;:{&quot;x0&quot;:10,&quot;x1&quot;:60,&quot;y1&quot;:50,&quot;x2&quot;:65,&quot;y2&quot;:45,&quot;x3&quot;:20},&quot;thumbnails&quot;:false,&quot;responsiveHeight&quot;:false}\"><div class=\"coblocks-gallery--item\"><figure class=\"coblocks-gallery--figure has-margin-left-5 has-margin-left-mobile-5 has-margin-right-5 has-margin-right-mobile-5\"><img loading=\"lazy\" decoding=\"async\" width=\"800\" height=\"600\" src=\"https:\/\/summeronkorcula.com\/wp-content\/uploads\/2020\/11\/v315.jpg\" alt=\"\" data-id=\"4296\" data-link=\"http:\/\/summeronkorcula.com\/hr\/lokacija\/v315-2\/\" class=\"wp-image-4296\" srcset=\"https:\/\/summeronkorcula.com\/wp-content\/uploads\/2020\/11\/v315.jpg 800w, https:\/\/summeronkorcula.com\/wp-content\/uploads\/2020\/11\/v315-300x225.jpg 300w, https:\/\/summeronkorcula.com\/wp-content\/uploads\/2020\/11\/v315-768x576.jpg 768w, https:\/\/summeronkorcula.com\/wp-content\/uploads\/2020\/11\/v315-702x526.jpg 702w\" sizes=\"auto, (max-width: 800px) 100vw, 800px\" \/><\/figure><\/div><div class=\"coblocks-gallery--item\"><figure class=\"coblocks-gallery--figure has-margin-left-5 has-margin-left-mobile-5 has-margin-right-5 has-margin-right-mobile-5\"><img loading=\"lazy\" decoding=\"async\" width=\"800\" height=\"600\" src=\"https:\/\/summeronkorcula.com\/wp-content\/uploads\/2020\/11\/v317.jpg\" alt=\"\" data-id=\"4298\" data-link=\"http:\/\/summeronkorcula.com\/hr\/lokacija\/v317-2\/\" class=\"wp-image-4298\" srcset=\"https:\/\/summeronkorcula.com\/wp-content\/uploads\/2020\/11\/v317.jpg 800w, https:\/\/summeronkorcula.com\/wp-content\/uploads\/2020\/11\/v317-300x225.jpg 300w, https:\/\/summeronkorcula.com\/wp-content\/uploads\/2020\/11\/v317-768x576.jpg 768w, https:\/\/summeronkorcula.com\/wp-content\/uploads\/2020\/11\/v317-702x526.jpg 702w\" sizes=\"auto, (max-width: 800px) 100vw, 800px\" \/><\/figure><\/div><div class=\"coblocks-gallery--item\"><figure class=\"coblocks-gallery--figure has-margin-left-5 has-margin-left-mobile-5 has-margin-right-5 has-margin-right-mobile-5\"><img loading=\"lazy\" decoding=\"async\" width=\"800\" height=\"600\" src=\"https:\/\/summeronkorcula.com\/wp-content\/uploads\/2020\/11\/v318.jpg\" alt=\"\" data-id=\"4300\" data-link=\"http:\/\/summeronkorcula.com\/hr\/lokacija\/v318-2\/\" class=\"wp-image-4300\" srcset=\"https:\/\/summeronkorcula.com\/wp-content\/uploads\/2020\/11\/v318.jpg 800w, https:\/\/summeronkorcula.com\/wp-content\/uploads\/2020\/11\/v318-300x225.jpg 300w, https:\/\/summeronkorcula.com\/wp-content\/uploads\/2020\/11\/v318-768x576.jpg 768w, https:\/\/summeronkorcula.com\/wp-content\/uploads\/2020\/11\/v318-702x526.jpg 702w\" sizes=\"auto, (max-width: 800px) 100vw, 800px\" \/><\/figure><\/div><div class=\"coblocks-gallery--item\"><figure class=\"coblocks-gallery--figure has-margin-left-5 has-margin-left-mobile-5 has-margin-right-5 has-margin-right-mobile-5\"><img loading=\"lazy\" decoding=\"async\" width=\"800\" height=\"600\" src=\"https:\/\/summeronkorcula.com\/wp-content\/uploads\/2020\/11\/v320.jpg\" alt=\"\" data-id=\"4302\" data-link=\"http:\/\/summeronkorcula.com\/hr\/lokacija\/v320-2\/\" class=\"wp-image-4302\" srcset=\"https:\/\/summeronkorcula.com\/wp-content\/uploads\/2020\/11\/v320.jpg 800w, https:\/\/summeronkorcula.com\/wp-content\/uploads\/2020\/11\/v320-300x225.jpg 300w, https:\/\/summeronkorcula.com\/wp-content\/uploads\/2020\/11\/v320-768x576.jpg 768w, https:\/\/summeronkorcula.com\/wp-content\/uploads\/2020\/11\/v320-702x526.jpg 702w\" sizes=\"auto, (max-width: 800px) 100vw, 800px\" \/><\/figure><\/div><div class=\"coblocks-gallery--item\"><figure class=\"coblocks-gallery--figure has-margin-left-5 has-margin-left-mobile-5 has-margin-right-5 has-margin-right-mobile-5\"><img loading=\"lazy\" decoding=\"async\" width=\"800\" height=\"600\" src=\"https:\/\/summeronkorcula.com\/wp-content\/uploads\/2020\/11\/v321.jpg\" alt=\"\" data-id=\"4304\" data-link=\"http:\/\/summeronkorcula.com\/hr\/lokacija\/v321-2\/\" class=\"wp-image-4304\" srcset=\"https:\/\/summeronkorcula.com\/wp-content\/uploads\/2020\/11\/v321.jpg 800w, https:\/\/summeronkorcula.com\/wp-content\/uploads\/2020\/11\/v321-300x225.jpg 300w, https:\/\/summeronkorcula.com\/wp-content\/uploads\/2020\/11\/v321-768x576.jpg 768w, https:\/\/summeronkorcula.com\/wp-content\/uploads\/2020\/11\/v321-702x526.jpg 702w\" sizes=\"auto, (max-width: 800px) 100vw, 800px\" \/><\/figure><\/div><div class=\"coblocks-gallery--item\"><figure class=\"coblocks-gallery--figure has-margin-left-5 has-margin-left-mobile-5 has-margin-right-5 has-margin-right-mobile-5\"><img loading=\"lazy\" decoding=\"async\" width=\"800\" height=\"600\" src=\"https:\/\/summeronkorcula.com\/wp-content\/uploads\/2020\/11\/v323.jpg\" alt=\"\" data-id=\"4306\" data-link=\"http:\/\/summeronkorcula.com\/hr\/lokacija\/v323-2\/\" class=\"wp-image-4306\" srcset=\"https:\/\/summeronkorcula.com\/wp-content\/uploads\/2020\/11\/v323.jpg 800w, https:\/\/summeronkorcula.com\/wp-content\/uploads\/2020\/11\/v323-300x225.jpg 300w, https:\/\/summeronkorcula.com\/wp-content\/uploads\/2020\/11\/v323-768x576.jpg 768w, https:\/\/summeronkorcula.com\/wp-content\/uploads\/2020\/11\/v323-702x526.jpg 702w\" sizes=\"auto, (max-width: 800px) 100vw, 800px\" \/><\/figure><\/div><div class=\"coblocks-gallery--item\"><figure class=\"coblocks-gallery--figure has-margin-left-5 has-margin-left-mobile-5 has-margin-right-5 has-margin-right-mobile-5\"><img loading=\"lazy\" decoding=\"async\" width=\"800\" height=\"600\" src=\"https:\/\/summeronkorcula.com\/wp-content\/uploads\/2020\/11\/v324.jpg\" alt=\"\" data-id=\"4308\" data-link=\"http:\/\/summeronkorcula.com\/hr\/lokacija\/v324-2\/\" class=\"wp-image-4308\" srcset=\"https:\/\/summeronkorcula.com\/wp-content\/uploads\/2020\/11\/v324.jpg 800w, https:\/\/summeronkorcula.com\/wp-content\/uploads\/2020\/11\/v324-300x225.jpg 300w, https:\/\/summeronkorcula.com\/wp-content\/uploads\/2020\/11\/v324-768x576.jpg 768w, https:\/\/summeronkorcula.com\/wp-content\/uploads\/2020\/11\/v324-702x526.jpg 702w\" sizes=\"auto, (max-width: 800px) 100vw, 800px\" \/><\/figure><\/div><div class=\"coblocks-gallery--item\"><figure class=\"coblocks-gallery--figure has-margin-left-5 has-margin-left-mobile-5 has-margin-right-5 has-margin-right-mobile-5\"><img loading=\"lazy\" decoding=\"async\" width=\"800\" height=\"600\" src=\"https:\/\/summeronkorcula.com\/wp-content\/uploads\/2020\/11\/v325.jpg\" alt=\"\" data-id=\"4310\" data-link=\"http:\/\/summeronkorcula.com\/hr\/lokacija\/v325-2\/\" class=\"wp-image-4310\" srcset=\"https:\/\/summeronkorcula.com\/wp-content\/uploads\/2020\/11\/v325.jpg 800w, https:\/\/summeronkorcula.com\/wp-content\/uploads\/2020\/11\/v325-300x225.jpg 300w, https:\/\/summeronkorcula.com\/wp-content\/uploads\/2020\/11\/v325-768x576.jpg 768w, https:\/\/summeronkorcula.com\/wp-content\/uploads\/2020\/11\/v325-702x526.jpg 702w\" sizes=\"auto, (max-width: 800px) 100vw, 800px\" \/><\/figure><\/div><div class=\"coblocks-gallery--item\"><figure class=\"coblocks-gallery--figure has-margin-left-5 has-margin-left-mobile-5 has-margin-right-5 has-margin-right-mobile-5\"><img loading=\"lazy\" decoding=\"async\" width=\"800\" height=\"600\" src=\"https:\/\/summeronkorcula.com\/wp-content\/uploads\/2020\/11\/v326.jpg\" alt=\"\" data-id=\"4312\" data-link=\"http:\/\/summeronkorcula.com\/hr\/lokacija\/v326-2\/\" class=\"wp-image-4312\" srcset=\"https:\/\/summeronkorcula.com\/wp-content\/uploads\/2020\/11\/v326.jpg 800w, https:\/\/summeronkorcula.com\/wp-content\/uploads\/2020\/11\/v326-300x225.jpg 300w, https:\/\/summeronkorcula.com\/wp-content\/uploads\/2020\/11\/v326-768x576.jpg 768w, https:\/\/summeronkorcula.com\/wp-content\/uploads\/2020\/11\/v326-702x526.jpg 702w\" sizes=\"auto, (max-width: 800px) 100vw, 800px\" \/><\/figure><\/div><div class=\"coblocks-gallery--item\"><figure class=\"coblocks-gallery--figure has-margin-left-5 has-margin-left-mobile-5 has-margin-right-5 has-margin-right-mobile-5\"><img loading=\"lazy\" decoding=\"async\" width=\"800\" height=\"600\" src=\"https:\/\/summeronkorcula.com\/wp-content\/uploads\/2020\/11\/v328.jpg\" alt=\"\" data-id=\"4314\" data-link=\"http:\/\/summeronkorcula.com\/hr\/lokacija\/v328-2\/\" class=\"wp-image-4314\" srcset=\"https:\/\/summeronkorcula.com\/wp-content\/uploads\/2020\/11\/v328.jpg 800w, https:\/\/summeronkorcula.com\/wp-content\/uploads\/2020\/11\/v328-300x225.jpg 300w, https:\/\/summeronkorcula.com\/wp-content\/uploads\/2020\/11\/v328-768x576.jpg 768w, https:\/\/summeronkorcula.com\/wp-content\/uploads\/2020\/11\/v328-702x526.jpg 702w\" sizes=\"auto, (max-width: 800px) 100vw, 800px\" \/><\/figure><\/div><div class=\"coblocks-gallery--item\"><figure class=\"coblocks-gallery--figure has-margin-left-5 has-margin-left-mobile-5 has-margin-right-5 has-margin-right-mobile-5\"><img loading=\"lazy\" decoding=\"async\" width=\"800\" height=\"600\" src=\"https:\/\/summeronkorcula.com\/wp-content\/uploads\/2020\/11\/v329.jpg\" alt=\"\" data-id=\"4316\" data-link=\"http:\/\/summeronkorcula.com\/hr\/lokacija\/v329-2\/\" class=\"wp-image-4316\" srcset=\"https:\/\/summeronkorcula.com\/wp-content\/uploads\/2020\/11\/v329.jpg 800w, https:\/\/summeronkorcula.com\/wp-content\/uploads\/2020\/11\/v329-300x225.jpg 300w, https:\/\/summeronkorcula.com\/wp-content\/uploads\/2020\/11\/v329-768x576.jpg 768w, https:\/\/summeronkorcula.com\/wp-content\/uploads\/2020\/11\/v329-702x526.jpg 702w\" sizes=\"auto, (max-width: 800px) 100vw, 800px\" \/><\/figure><\/div><div class=\"coblocks-gallery--item\"><figure class=\"coblocks-gallery--figure has-margin-left-5 has-margin-left-mobile-5 has-margin-right-5 has-margin-right-mobile-5\"><img loading=\"lazy\" decoding=\"async\" width=\"800\" height=\"600\" src=\"https:\/\/summeronkorcula.com\/wp-content\/uploads\/2020\/11\/v330.jpg\" alt=\"\" data-id=\"4318\" data-link=\"http:\/\/summeronkorcula.com\/hr\/lokacija\/v330-2\/\" class=\"wp-image-4318\" srcset=\"https:\/\/summeronkorcula.com\/wp-content\/uploads\/2020\/11\/v330.jpg 800w, https:\/\/summeronkorcula.com\/wp-content\/uploads\/2020\/11\/v330-300x225.jpg 300w, https:\/\/summeronkorcula.com\/wp-content\/uploads\/2020\/11\/v330-768x576.jpg 768w, https:\/\/summeronkorcula.com\/wp-content\/uploads\/2020\/11\/v330-702x526.jpg 702w\" sizes=\"auto, (max-width: 800px) 100vw, 800px\" \/><\/figure><\/div><div class=\"coblocks-gallery--item\"><figure class=\"coblocks-gallery--figure has-margin-left-5 has-margin-left-mobile-5 has-margin-right-5 has-margin-right-mobile-5\"><img loading=\"lazy\" decoding=\"async\" width=\"800\" height=\"600\" src=\"https:\/\/summeronkorcula.com\/wp-content\/uploads\/2020\/11\/v331.jpg\" alt=\"\" data-id=\"4320\" data-link=\"http:\/\/summeronkorcula.com\/hr\/lokacija\/v331-2\/\" class=\"wp-image-4320\" srcset=\"https:\/\/summeronkorcula.com\/wp-content\/uploads\/2020\/11\/v331.jpg 800w, https:\/\/summeronkorcula.com\/wp-content\/uploads\/2020\/11\/v331-300x225.jpg 300w, https:\/\/summeronkorcula.com\/wp-content\/uploads\/2020\/11\/v331-768x576.jpg 768w, https:\/\/summeronkorcula.com\/wp-content\/uploads\/2020\/11\/v331-702x526.jpg 702w\" sizes=\"auto, (max-width: 800px) 100vw, 800px\" \/><\/figure><\/div><div class=\"coblocks-gallery--item\"><figure class=\"coblocks-gallery--figure has-margin-left-5 has-margin-left-mobile-5 has-margin-right-5 has-margin-right-mobile-5\"><img loading=\"lazy\" decoding=\"async\" width=\"800\" height=\"600\" src=\"https:\/\/summeronkorcula.com\/wp-content\/uploads\/2020\/11\/v332.jpg\" alt=\"\" data-id=\"4322\" data-link=\"http:\/\/summeronkorcula.com\/hr\/lokacija\/v332-2\/\" class=\"wp-image-4322\" srcset=\"https:\/\/summeronkorcula.com\/wp-content\/uploads\/2020\/11\/v332.jpg 800w, https:\/\/summeronkorcula.com\/wp-content\/uploads\/2020\/11\/v332-300x225.jpg 300w, https:\/\/summeronkorcula.com\/wp-content\/uploads\/2020\/11\/v332-768x576.jpg 768w, https:\/\/summeronkorcula.com\/wp-content\/uploads\/2020\/11\/v332-702x526.jpg 702w\" sizes=\"auto, (max-width: 800px) 100vw, 800px\" \/><\/figure><\/div><div class=\"coblocks-gallery--item\"><figure class=\"coblocks-gallery--figure has-margin-left-5 has-margin-left-mobile-5 has-margin-right-5 has-margin-right-mobile-5\"><img loading=\"lazy\" decoding=\"async\" width=\"800\" height=\"600\" src=\"https:\/\/summeronkorcula.com\/wp-content\/uploads\/2020\/11\/v333.jpg\" alt=\"\" data-id=\"4324\" data-link=\"http:\/\/summeronkorcula.com\/hr\/lokacija\/v333-2\/\" class=\"wp-image-4324\" srcset=\"https:\/\/summeronkorcula.com\/wp-content\/uploads\/2020\/11\/v333.jpg 800w, https:\/\/summeronkorcula.com\/wp-content\/uploads\/2020\/11\/v333-300x225.jpg 300w, https:\/\/summeronkorcula.com\/wp-content\/uploads\/2020\/11\/v333-768x576.jpg 768w, https:\/\/summeronkorcula.com\/wp-content\/uploads\/2020\/11\/v333-702x526.jpg 702w\" sizes=\"auto, (max-width: 800px) 100vw, 800px\" \/><\/figure><\/div><div class=\"coblocks-gallery--item\"><figure class=\"coblocks-gallery--figure has-margin-left-5 has-margin-left-mobile-5 has-margin-right-5 has-margin-right-mobile-5\"><img loading=\"lazy\" decoding=\"async\" width=\"800\" height=\"600\" src=\"https:\/\/summeronkorcula.com\/wp-content\/uploads\/2020\/11\/v334.jpg\" alt=\"\" data-id=\"4326\" data-link=\"http:\/\/summeronkorcula.com\/hr\/lokacija\/v334-2\/\" class=\"wp-image-4326\" srcset=\"https:\/\/summeronkorcula.com\/wp-content\/uploads\/2020\/11\/v334.jpg 800w, https:\/\/summeronkorcula.com\/wp-content\/uploads\/2020\/11\/v334-300x225.jpg 300w, https:\/\/summeronkorcula.com\/wp-content\/uploads\/2020\/11\/v334-768x576.jpg 768w, https:\/\/summeronkorcula.com\/wp-content\/uploads\/2020\/11\/v334-702x526.jpg 702w\" sizes=\"auto, (max-width: 800px) 100vw, 800px\" \/><\/figure><\/div><div class=\"coblocks-gallery--item\"><figure class=\"coblocks-gallery--figure has-margin-left-5 has-margin-left-mobile-5 has-margin-right-5 has-margin-right-mobile-5\"><img loading=\"lazy\" decoding=\"async\" width=\"800\" height=\"600\" src=\"https:\/\/summeronkorcula.com\/wp-content\/uploads\/2020\/11\/v335.jpg\" alt=\"\" data-id=\"4328\" data-link=\"http:\/\/summeronkorcula.com\/hr\/lokacija\/v335-2\/\" class=\"wp-image-4328\" srcset=\"https:\/\/summeronkorcula.com\/wp-content\/uploads\/2020\/11\/v335.jpg 800w, https:\/\/summeronkorcula.com\/wp-content\/uploads\/2020\/11\/v335-300x225.jpg 300w, https:\/\/summeronkorcula.com\/wp-content\/uploads\/2020\/11\/v335-768x576.jpg 768w, https:\/\/summeronkorcula.com\/wp-content\/uploads\/2020\/11\/v335-702x526.jpg 702w\" sizes=\"auto, (max-width: 800px) 100vw, 800px\" \/><\/figure><\/div><div class=\"coblocks-gallery--item\"><figure class=\"coblocks-gallery--figure has-margin-left-5 has-margin-left-mobile-5 has-margin-right-5 has-margin-right-mobile-5\"><img loading=\"lazy\" decoding=\"async\" width=\"800\" height=\"600\" src=\"https:\/\/summeronkorcula.com\/wp-content\/uploads\/2020\/11\/v336.jpg\" alt=\"\" data-id=\"4330\" data-link=\"http:\/\/summeronkorcula.com\/hr\/lokacija\/v336-2\/\" class=\"wp-image-4330\" srcset=\"https:\/\/summeronkorcula.com\/wp-content\/uploads\/2020\/11\/v336.jpg 800w, https:\/\/summeronkorcula.com\/wp-content\/uploads\/2020\/11\/v336-300x225.jpg 300w, https:\/\/summeronkorcula.com\/wp-content\/uploads\/2020\/11\/v336-768x576.jpg 768w, https:\/\/summeronkorcula.com\/wp-content\/uploads\/2020\/11\/v336-702x526.jpg 702w\" sizes=\"auto, (max-width: 800px) 100vw, 800px\" \/><\/figure><\/div><div class=\"coblocks-gallery--item\"><figure class=\"coblocks-gallery--figure has-margin-left-5 has-margin-left-mobile-5 has-margin-right-5 has-margin-right-mobile-5\"><img loading=\"lazy\" decoding=\"async\" width=\"800\" height=\"600\" src=\"https:\/\/summeronkorcula.com\/wp-content\/uploads\/2020\/11\/v438.jpg\" alt=\"\" data-id=\"4342\" data-link=\"http:\/\/summeronkorcula.com\/hr\/lokacija\/v438-2\/\" class=\"wp-image-4342\" srcset=\"https:\/\/summeronkorcula.com\/wp-content\/uploads\/2020\/11\/v438.jpg 800w, https:\/\/summeronkorcula.com\/wp-content\/uploads\/2020\/11\/v438-300x225.jpg 300w, https:\/\/summeronkorcula.com\/wp-content\/uploads\/2020\/11\/v438-768x576.jpg 768w, https:\/\/summeronkorcula.com\/wp-content\/uploads\/2020\/11\/v438-702x526.jpg 702w\" sizes=\"auto, (max-width: 800px) 100vw, 800px\" \/><\/figure><\/div><div class=\"coblocks-gallery--item\"><figure class=\"coblocks-gallery--figure has-margin-left-5 has-margin-left-mobile-5 has-margin-right-5 has-margin-right-mobile-5\"><img loading=\"lazy\" decoding=\"async\" width=\"800\" height=\"600\" src=\"https:\/\/summeronkorcula.com\/wp-content\/uploads\/2020\/11\/v337.jpg\" alt=\"\" data-id=\"4332\" data-link=\"http:\/\/summeronkorcula.com\/hr\/lokacija\/v337-2\/\" class=\"wp-image-4332\" srcset=\"https:\/\/summeronkorcula.com\/wp-content\/uploads\/2020\/11\/v337.jpg 800w, https:\/\/summeronkorcula.com\/wp-content\/uploads\/2020\/11\/v337-300x225.jpg 300w, https:\/\/summeronkorcula.com\/wp-content\/uploads\/2020\/11\/v337-768x576.jpg 768w, https:\/\/summeronkorcula.com\/wp-content\/uploads\/2020\/11\/v337-702x526.jpg 702w\" sizes=\"auto, (max-width: 800px) 100vw, 800px\" \/><\/figure><\/div><div class=\"coblocks-gallery--item\"><figure class=\"coblocks-gallery--figure has-margin-left-5 has-margin-left-mobile-5 has-margin-right-5 has-margin-right-mobile-5\"><img loading=\"lazy\" decoding=\"async\" width=\"800\" height=\"600\" src=\"https:\/\/summeronkorcula.com\/wp-content\/uploads\/2020\/11\/v338.jpg\" alt=\"\" data-id=\"4334\" data-link=\"http:\/\/summeronkorcula.com\/hr\/lokacija\/v338-2\/\" class=\"wp-image-4334\" srcset=\"https:\/\/summeronkorcula.com\/wp-content\/uploads\/2020\/11\/v338.jpg 800w, https:\/\/summeronkorcula.com\/wp-content\/uploads\/2020\/11\/v338-300x225.jpg 300w, https:\/\/summeronkorcula.com\/wp-content\/uploads\/2020\/11\/v338-768x576.jpg 768w, https:\/\/summeronkorcula.com\/wp-content\/uploads\/2020\/11\/v338-702x526.jpg 702w\" sizes=\"auto, (max-width: 800px) 100vw, 800px\" \/><\/figure><\/div><div class=\"coblocks-gallery--item\"><figure class=\"coblocks-gallery--figure has-margin-left-5 has-margin-left-mobile-5 has-margin-right-5 has-margin-right-mobile-5\"><img loading=\"lazy\" decoding=\"async\" width=\"800\" height=\"600\" src=\"https:\/\/summeronkorcula.com\/wp-content\/uploads\/2020\/11\/v339.jpg\" alt=\"\" data-id=\"4336\" data-link=\"http:\/\/summeronkorcula.com\/hr\/lokacija\/v339-2\/\" class=\"wp-image-4336\" srcset=\"https:\/\/summeronkorcula.com\/wp-content\/uploads\/2020\/11\/v339.jpg 800w, https:\/\/summeronkorcula.com\/wp-content\/uploads\/2020\/11\/v339-300x225.jpg 300w, https:\/\/summeronkorcula.com\/wp-content\/uploads\/2020\/11\/v339-768x576.jpg 768w, https:\/\/summeronkorcula.com\/wp-content\/uploads\/2020\/11\/v339-702x526.jpg 702w\" sizes=\"auto, (max-width: 800px) 100vw, 800px\" \/><\/figure><\/div><div class=\"coblocks-gallery--item\"><figure class=\"coblocks-gallery--figure has-margin-left-5 has-margin-left-mobile-5 has-margin-right-5 has-margin-right-mobile-5\"><img loading=\"lazy\" decoding=\"async\" width=\"800\" height=\"600\" src=\"https:\/\/summeronkorcula.com\/wp-content\/uploads\/2020\/11\/v342.jpg\" alt=\"\" data-id=\"4340\" data-link=\"http:\/\/summeronkorcula.com\/hr\/lokacija\/v342-2\/\" class=\"wp-image-4340\" srcset=\"https:\/\/summeronkorcula.com\/wp-content\/uploads\/2020\/11\/v342.jpg 800w, https:\/\/summeronkorcula.com\/wp-content\/uploads\/2020\/11\/v342-300x225.jpg 300w, https:\/\/summeronkorcula.com\/wp-content\/uploads\/2020\/11\/v342-768x576.jpg 768w, https:\/\/summeronkorcula.com\/wp-content\/uploads\/2020\/11\/v342-702x526.jpg 702w\" sizes=\"auto, (max-width: 800px) 100vw, 800px\" \/><\/figure><\/div><\/div><\/div><\/div>\n\n\n\n<h2 class=\"wp-block-heading\" id=\"apartments\">Kako prona\u0107i apartmane Andriji\u0107<\/h2>\n\n\n\n<p>Po dolasku u Prigradicu uputite se preko rive (more vam mora biti s lijeve strane). Pro\u0111ite restorane Prigradica i Kraljevi\u0107.<\/p>\n\n\n\n<p>Vozite ravno, otprilike 100 metara. Na tre\u0107oj ulici s desna, izme\u0111u restorana Kraljevi\u0107 i kafi\u0107a Tempera, popenjite se stubama otprilike 20 metara i na\u0161a ku\u0107a je s lijeve strane, obojana u roza boju.<\/p>\n\n\n\n<div style=\"height:30px\" aria-hidden=\"true\" class=\"wp-block-spacer\"><\/div>\n\n\n\n<h2 class=\"wp-block-heading\" id=\"map\">Karta<\/h2>\n\n\n\n<div class=\"wp-block-media-text is-stacked-on-mobile\" style=\"grid-template-columns:15% auto\"><figure class=\"wp-block-media-text__media\"><img loading=\"lazy\" decoding=\"async\" width=\"512\" height=\"512\" src=\"https:\/\/summeronkorcula.com\/wp-content\/uploads\/2020\/01\/614774_info_512x512.png\" alt=\"Apartments Andrijic Prigradica arrival itinerary\" class=\"wp-image-3394 size-full\" srcset=\"https:\/\/summeronkorcula.com\/wp-content\/uploads\/2020\/01\/614774_info_512x512.png 512w, https:\/\/summeronkorcula.com\/wp-content\/uploads\/2020\/01\/614774_info_512x512-300x300.png 300w, https:\/\/summeronkorcula.com\/wp-content\/uploads\/2020\/01\/614774_info_512x512-150x150.png 150w, https:\/\/summeronkorcula.com\/wp-content\/uploads\/2020\/01\/614774_info_512x512-75x75.png 75w\" sizes=\"auto, (max-width: 512px) 100vw, 512px\" \/><\/figure><div class=\"wp-block-media-text__content\">\n<p class=\"has-large-font-size\">Kliknite poveznicu  &#8220;Upute&#8221; za detaljne informacije kako do\u0107i s va\u0161e lokacije do Apartmana Andriji\u0107.<\/p>\n<\/div><\/div>\n\n\n","protected":false},"excerpt":{"rendered":"<p>Apartmani Andriji\u0107 Lokacija &#8211; Prigradica Plan Puta U ovim uputama Trajekti do Kor\u010dule Kako do\u0107i do Prigradice Foto upute Kako prona\u0107i apartmane Andriji\u0107 Karta Trajekti do Kor\u010dule Split &#8211; Vela Luka Orebi\u0107 &#8211; Kor\u010dula s kombinacijom trajekata Plo\u010de &#8211; Trpanj. Put od Splita do Vele Luke traje 3 sata, od Plo\u010da do Trpnja 1 sat [&hellip;]<\/p>\n","protected":false},"author":1,"featured_media":0,"parent":0,"menu_order":15,"comment_status":"closed","ping_status":"closed","template":"","meta":{"_coblocks_attr":"","_coblocks_dimensions":"","_coblocks_responsive_height":"","_coblocks_accordion_ie_support":"","_genesis_hide_title":false,"_genesis_hide_breadcrumbs":false,"_genesis_hide_singular_image":false,"_genesis_hide_footer_widgets":false,"_genesis_custom_body_class":"","_genesis_custom_post_class":"","_genesis_layout":"","footnotes":""},"class_list":{"0":"post-3574","1":"page","2":"type-page","3":"status-publish","5":"entry","6":"has-post-thumbnail"},"_links":{"self":[{"href":"https:\/\/summeronkorcula.com\/hr\/wp-json\/wp\/v2\/pages\/3574","targetHints":{"allow":["GET"]}}],"collection":[{"href":"https:\/\/summeronkorcula.com\/hr\/wp-json\/wp\/v2\/pages"}],"about":[{"href":"https:\/\/summeronkorcula.com\/hr\/wp-json\/wp\/v2\/types\/page"}],"author":[{"embeddable":true,"href":"https:\/\/summeronkorcula.com\/hr\/wp-json\/wp\/v2\/users\/1"}],"replies":[{"embeddable":true,"href":"https:\/\/summeronkorcula.com\/hr\/wp-json\/wp\/v2\/comments?post=3574"}],"version-history":[{"count":0,"href":"https:\/\/summeronkorcula.com\/hr\/wp-json\/wp\/v2\/pages\/3574\/revisions"}],"wp:attachment":[{"href":"https:\/\/summeronkorcula.com\/hr\/wp-json\/wp\/v2\/media?parent=3574"}],"curies":[{"name":"wp","href":"https:\/\/api.w.org\/{rel}","templated":true}]}}